{"id":145,"date":"2022-01-04T10:11:28","date_gmt":"2022-01-04T10:11:28","guid":{"rendered":"https:\/\/el4.thembaydev.com\/fana_dark\/?page_id=145"},"modified":"2025-11-05T22:53:48","modified_gmt":"2025-11-05T21:53:48","slug":"home","status":"publish","type":"page","link":"https:\/\/dollsiliconelove.com\/","title":{"rendered":"Home"},"content":{"rendered":"\t\t<div data-elementor-type=\"wp-page\" data-elementor-id=\"145\" class=\"elementor elementor-145\">\n\t\t\t\t\t\t<section class=\"elementor-section elementor-top-section elementor-element elementor-element-9a28e7e elementor-section-stretched elementor-section-boxed elementor-section-height-default elementor-section-height-default\" data-id=\"9a28e7e\" data-element_type=\"section\" data-settings=\"{&quot;stretch_section&quot;:&quot;section-stretched&quot;}\">\n\t\t\t\t\t\t<div class=\"elementor-container elementor-column-gap-default\">\n\t\t\t\t\t<div class=\"elementor-column elementor-col-100 elementor-top-column elementor-element elementor-element-51b0f3e\" data-id=\"51b0f3e\" data-element_type=\"column\">\n\t\t\t<div class=\"elementor-widget-wrap elementor-element-populated\">\n\t\t\t\t\t\t<div class=\"elementor-element elementor-element-37977d6 elementor-widget elementor-widget-slider_revolution\" data-id=\"37977d6\" data-element_type=\"widget\" data-widget_type=\"slider_revolution.default\">\n\t\t\t\t\t\n\t\t<div class=\"wp-block-themepunch-revslider\">\n\t\t\t\t<p class=\"rs-p-wp-fix\"><\/p>\n\t\t\t\t<sr7-module data-alias=\"slider-1\" data-id=\"1\" id=\"SR7_1_1\" class=\"rs-ov-hidden\" data-version=\"6.7.37\">\n\t\t\t\t\t<sr7-adjuster><\/sr7-adjuster>\n\t\t\t\t\t<sr7-content>\n\t\t\t\t\t\t<sr7-slide id=\"SR7_1_1-1\" data-key=\"1\">\n\t\t\t\t\t\t\t<sr7-txt id=\"SR7_1_1-1-1\" class=\"sr7-layer\">MU\u00d1ECAS  REALISTAS<br \/>\nSILICONA TPE<\/sr7-txt>\n\t\t\t\t\t\t\t<a id=\"SR7_1_1-1-2\" class=\"sr7-layer\" href=\"https:\/\/dollsiliconelove.com\/index.php\/product-category\/europeas\/\" target=\"_self\"><span>MU\u00d1ECAS SEXUALES<\/span><\/a>\n\t\t\t\t\t\t\t<sr7-txt id=\"SR7_1_1-1-8\" class=\"sr7-layer\">Elige tu compa\u00f1era de vida,<br \/>\ncalidad premium al mejor precio.<\/sr7-txt>\n\t\t\t\t\t\t<\/sr7-slide>\n\t\t\t\t\t\t<sr7-slide id=\"SR7_1_1-2\" data-key=\"2\">\n\t\t\t\t\t\t\t<sr7-txt id=\"SR7_1_1-2-0\" class=\"sr7-layer\">Haz tu sue\u00f1o realidad<\/sr7-txt>\n\t\t\t\t\t\t\t<sr7-txt id=\"SR7_1_1-2-1\" class=\"sr7-layer\">UNA GRAN VARIEDAD<br \/>\nEN MU\u00d1ECAS PREMIUM<\/sr7-txt>\n\t\t\t\t\t\t\t<a id=\"SR7_1_1-2-2\" class=\"sr7-layer\" href=\"https:\/\/https:\/\/dollsiliconelove.com\/index.php\/product-category\/europeas\/\" target=\"_self\"><span>MU\u00d1ECAS SEXUALES<\/span><\/a>\n\t\t\t\t\t\t\t<sr7-txt id=\"SR7_1_1-2-8\" class=\"sr7-layer\">HIPERREALISTAS<\/sr7-txt>\n\t\t\t\t\t\t<\/sr7-slide>\n\t\t\t\t\t\t<sr7-slide id=\"SR7_1_1-3\" data-key=\"3\">\n\t\t\t\t\t\t\t<sr7-txt id=\"SR7_1_1-3-0\" class=\"sr7-layer\">Calidad Premium<\/sr7-txt>\n\t\t\t\t\t\t\t<sr7-txt id=\"SR7_1_1-3-1\" class=\"sr7-layer\">SILICONA TPE<br \/>\n<br \/>\n<\/sr7-txt>\n\t\t\t\t\t\t\t<a id=\"SR7_1_1-3-2\" class=\"sr7-layer\" href=\"https:\/\/https:\/\/dollsiliconelove.com\/index.php\/product-category\/asiaticas\/\" target=\"_self\"><span>MU\u00d1ECAS SEXUALES<\/span><\/a>\n\t\t\t\t\t\t\t<sr7-txt id=\"SR7_1_1-3-8\" class=\"sr7-layer\"><\/sr7-txt>\n\t\t\t\t\t\t\t<sr7-txt id=\"SR7_1_1-3-11\" class=\"sr7-layer\"><br \/>\nHIPERREALISTA<br \/>\n<\/sr7-txt>\n\t\t\t\t\t\t\t<sr7-txt id=\"SR7_1_1-3-13\" class=\"sr7-layer\"><br \/>\n<br \/>\nCON TOTAL MOVILIDAD<\/sr7-txt>\n\t\t\t\t\t\t<\/sr7-slide>\n\t\t\t\t\t\t<sr7-slide id=\"SR7_1_1-4\" data-key=\"4\">\n\t\t\t\t\t\t<\/sr7-slide>\n\t\t\t\t\t<\/sr7-content>\n\t\t\t\t\t<image_lists style=\"display:none\">\n\t\t\t\t\t\t<img data-src=\"\/\/dollsiliconelove.com\/wp-content\/uploads\/2025\/10\/\u4e3b\u56fe1.jpg\" data-libid=\"5559\" data-lib=\"medialibrary\" title=\"\u4e3b\u56fe1\" width=\"0\" height=\"0\" data-dbsrc=\"Ly9kb2xsc2lsaWNvbmVsb3ZlLmNvbS93cC1jb250ZW50L3VwbG9hZHMvMjAyNS8xMC\/kuLvlm74xLmpwZw==\"\/>\n\t\t\t\t\t\t<img data-src=\"\/\/dollsiliconelove.com\/wp-content\/uploads\/2025\/11\/2-IMG-20250711-WA0032 (1).png\" data-libid=\"5966\" title=\"IMG-20250711-WA0032 (1)\" width=\"0\" height=\"0\" data-dbsrc=\"Ly9kb2xsc2lsaWNvbmVsb3ZlLmNvbS93cC1jb250ZW50L3VwbG9hZHMvMjAyNS8xMS8yLUlNRy0yMDI1MDcxMS1XQTAwMzIgKDEpLnBuZw==\"\/>\n\t\t\t\t\t\t<img data-src=\"\/\/dollsiliconelove.com\/wp-content\/uploads\/revslider\/slider-1\/layout-slider3-03.png\" data-libid=\"20\" data-lib=\"medialibrary\" title=\"layout-slider3-03.png\" width=\"0\" height=\"0\" data-dbsrc=\"Ly9kb2xsc2lsaWNvbmVsb3ZlLmNvbS93cC1jb250ZW50L3VwbG9hZHMvcmV2c2xpZGVyL3NsaWRlci0xL2xheW91dC1zbGlkZXIzLTAzLnBuZw==\"\/>\n\t\t\t\t\t\t<img loading=\"lazy\" data-src=\"\/\/dollsiliconelove.com\/wp-content\/uploads\/revslider\/slider-1\/layout-slider1-04.png\" data-libid=\"15\" data-lib=\"medialibrary\" title=\"layout-slider1-04.png\" width=\"0\" height=\"0\" data-dbsrc=\"Ly9kb2xsc2lsaWNvbmVsb3ZlLmNvbS93cC1jb250ZW50L3VwbG9hZHMvcmV2c2xpZGVyL3NsaWRlci0xL2xheW91dC1zbGlkZXIxLTA0LnBuZw==\"\/>\n\t\t\t\t\t\t<img loading=\"lazy\" data-src=\"\/\/dollsiliconelove.com\/wp-content\/uploads\/revslider\/slider-1\/layout-slider3-01.png\" data-libid=\"21\" data-lib=\"medialibrary\" title=\"layout-slider3-01.png\" width=\"0\" height=\"0\" data-dbsrc=\"Ly9kb2xsc2lsaWNvbmVsb3ZlLmNvbS93cC1jb250ZW50L3VwbG9hZHMvcmV2c2xpZGVyL3NsaWRlci0xL2xheW91dC1zbGlkZXIzLTAxLnBuZw==\"\/>\n\t\t\t\t\t\t<img loading=\"lazy\" data-src=\"\/\/dollsiliconelove.com\/wp-content\/uploads\/2025\/10\/410.jpg\" data-libid=\"5578\" data-lib=\"medialibrary\" title=\"4(10)\" width=\"0\" height=\"0\" data-dbsrc=\"Ly9kb2xsc2lsaWNvbmVsb3ZlLmNvbS93cC1jb250ZW50L3VwbG9hZHMvMjAyNS8xMC80MTAuanBn\"\/>\n\t\t\t\t\t\t<img loading=\"lazy\" data-src=\"\/\/dollsiliconelove.com\/wp-content\/uploads\/revslider\/slider-1\/layout-slider3-02.png\" data-libid=\"23\" data-lib=\"medialibrary\" title=\"layout-slider3-02.png\" width=\"0\" height=\"0\" data-dbsrc=\"Ly9kb2xsc2lsaWNvbmVsb3ZlLmNvbS93cC1jb250ZW50L3VwbG9hZHMvcmV2c2xpZGVyL3NsaWRlci0xL2xheW91dC1zbGlkZXIzLTAyLnBuZw==\"\/>\n\t\t\t\t\t\t<img loading=\"lazy\" data-src=\"\/\/dollsiliconelove.com\/wp-content\/uploads\/2025\/10\/Screenshot_20250720140650-1.png\" data-libid=\"5581\" data-lib=\"medialibrary\" title=\"Screenshot_20250720140650 (1)\" width=\"0\" height=\"0\" data-dbsrc=\"Ly9kb2xsc2lsaWNvbmVsb3ZlLmNvbS93cC1jb250ZW50L3VwbG9hZHMvMjAyNS8xMC9TY3JlZW5zaG90XzIwMjUwNzIwMTQwNjUwLTEucG5n\"\/>\n\t\t\t\t\t<\/image_lists>\n\t\t\t\t<\/sr7-module>\n\t\t\t\t<script>\n\t\t\t\t\tSR7.PMH ??={}; SR7.PMH[\"SR7_1_1\"] = {cn:100,state:false,fn: function() { if (_tpt!==undefined && _tpt.prepareModuleHeight !== undefined) {  _tpt.prepareModuleHeight({id:\"SR7_1_1\",el:[950,950,700,600,400],type:'standard',shdw:'0',gh:[950,950,700,600,400],gw:[1549,1549,1024,778,480],vpt:['-100px&#039;,&#039;-100px&#039;,&#039;-100px&#039;,&#039;-100px&#039;,&#039;-100px'],size:{fullWidth:true, fullHeight:false},mh:'0',onh:0,onw:0,bg:{color:'{\"orig\":\"transparent\",\"type\":\"solid\",\"string\":\"transparent\"}'},plType:'0',plColor:'#FFFFFF'});   SR7.PMH[\"SR7_1_1\"].state=true;} else if(SR7.PMH[\"SR7_1_1\"].cn-->0)\tsetTimeout( SR7.PMH[\"SR7_1_1\"].fn,19);}};SR7.PMH[\"SR7_1_1\" ].fn();\n\t\t\t\t<\/script>\n<\/div>\n\n\t\t\t\t\t\t<\/div>\n\t\t\t\t\t<\/div>\n\t\t<\/div>\n\t\t\t\t\t<\/div>\n\t\t<\/section>\n\t\t\t\t<section class=\"elementor-section elementor-top-section elementor-element elementor-element-8535649 elementor-section-stretched elementor-section-boxed elementor-section-height-default elementor-section-height-default\" data-id=\"8535649\" data-element_type=\"section\" data-settings=\"{&quot;stretch_section&quot;:&quot;section-stretched&quot;}\">\n\t\t\t\t\t\t<div class=\"elementor-container elementor-column-gap-default\">\n\t\t\t\t\t<div class=\"elementor-column elementor-col-100 elementor-top-column elementor-element elementor-element-9befef1\" data-id=\"9befef1\" data-element_type=\"column\">\n\t\t\t<div class=\"elementor-widget-wrap elementor-element-populated\">\n\t\t\t\t\t\t<div class=\"elementor-element elementor-element-d286622 elementor-widget elementor-widget-video\" data-id=\"d286622\" data-element_type=\"widget\" data-settings=\"{&quot;video_type&quot;:&quot;hosted&quot;,&quot;autoplay&quot;:&quot;yes&quot;,&quot;play_on_mobile&quot;:&quot;yes&quot;,&quot;mute&quot;:&quot;yes&quot;,&quot;loop&quot;:&quot;yes&quot;,&quot;start&quot;:0}\" data-widget_type=\"video.default\">\n\t\t\t\t\t\t\t<div class=\"e-hosted-video elementor-wrapper elementor-open-inline\">\n\t\t\t\t\t<video class=\"elementor-video\" src=\"ove.com\/wp-content\/uploads\/2025\/11\/VID-20250421-WA0004-1.mp4\" autoplay=\"\" loop=\"\" muted=\"muted\" playsinline=\"\" controlsList=\"nodownload\" poster=\"https:\/\/dollsiliconelove.com\/wp-content\/uploads\/2025\/11\/VID-20250421-WA0004-1.mp4\"><\/video>\n\t\t\t\t<\/div>\n\t\t\t\t\t\t<\/div>\n\t\t\t\t\t<\/div>\n\t\t<\/div>\n\t\t\t\t\t<\/div>\n\t\t<\/section>\n\t\t\t\t<section class=\"elementor-section elementor-top-section elementor-element elementor-element-7ec5bdf elementor-section-full_width elementor-section-content-middle elementor-section-height-default elementor-section-height-default\" data-id=\"7ec5bdf\" data-element_type=\"section\" data-settings=\"{&quot;background_background&quot;:&quot;classic&quot;}\">\n\t\t\t\t\t\t\t<div class=\"elementor-background-overlay\"><\/div>\n\t\t\t\t\t\t\t<div class=\"elementor-container elementor-column-gap-default\">\n\t\t\t\t\t<div class=\"elementor-column elementor-col-33 elementor-top-column elementor-element elementor-element-6336d27\" data-id=\"6336d27\" data-element_type=\"column\">\n\t\t\t<div class=\"elementor-widget-wrap\">\n\t\t\t\t\t\t\t<\/div>\n\t\t<\/div>\n\t\t\t\t<div class=\"elementor-column elementor-col-33 elementor-top-column elementor-element elementor-element-f7f296b\" data-id=\"f7f296b\" data-element_type=\"column\">\n\t\t\t<div class=\"elementor-widget-wrap elementor-element-populated\">\n\t\t\t\t\t\t<div class=\"elementor-element elementor-element-c805e6b align-center elementor-widget elementor-widget-tbay-heading\" data-id=\"c805e6b\" data-element_type=\"widget\" data-widget_type=\"tbay-heading.default\">\n\t\t\t\t<div class=\"elementor-widget-container\">\n\t\t\t\t\t\r\n<div class=\"tbay-element tbay-element-heading\">\r\n\t            <h3 class=\"heading-tbay-title style-1\">\r\n                <span class=\"subtitle\">Tu sue\u00f1o hecho realidad<\/span><span class=\"title\">Nuestras categor\u00edas<\/span><span class=\"description\">Las mu\u00f1ecas m\u00e1s sensuales est\u00e1n deseando cumplir todas tus fantas\u00edas\n<br>\u00bfTe atreves?<\/span>            <\/h3>\r\n        <\/div>\t\t\t\t<\/div>\n\t\t\t\t<\/div>\n\t\t\t\t<div class=\"elementor-element elementor-element-280084c elementor-widget__width-inherit align-center elementor-widget elementor-widget-tbay-custom-image-list-categories\" data-id=\"280084c\" data-element_type=\"widget\" data-widget_type=\"tbay-custom-image-list-categories.default\">\n\t\t\t\t<div class=\"elementor-widget-container\">\n\t\t\t\t\t\r\n<div class=\"tbay-element tbay-element-custom-image-list-categories\">\r\n        <div class=\"custom-image-list-categories rows-1 owl-carousel scroll-init style-v2\" data-carousel=\"owl\" data-items=\"3\" data-desktopslick=\"2\" data-desktopsmallslick=\"2\" data-tabletslick=\"3\" data-landscapeslick=\"2\" data-mobileslick=\"2\" data-rows=\"1\" data-speed=\"500\" data-loop=\"\" data-nav=\"1\" data-pagination=\"\" data-auto=\"\" data-unslick=\"1\" > \r\n                        <div class=\"item item-image\">\r\n                    <div class=\"item-cat\">\r\n                                            <a href=\"https:\/\/dollsiliconelove.com\/index.php\/product-category\/asiaticas\/\" class='cat-image'>\r\n                <img loading=\"lazy\" decoding=\"async\" width=\"1078\" height=\"1072\" src=\"https:\/\/dollsiliconelove.com\/wp-content\/uploads\/2025\/10\/Screenshot_20250713160607.png\" class=\"attachment-full size-full\" alt=\"\" \/>            <\/a>\r\n                        <div class=\"content\">\r\n                <a href=\"https:\/\/dollsiliconelove.com\/index.php\/product-category\/asiaticas\/\" class=\"cat-name\" >\r\n                    <span class=\"name\">\r\n                        ASI\u00c1TICAS                    <\/span>\r\n                <\/a>\r\n                \r\n            <\/div>\r\n                            <\/div>\r\n                <\/div>\r\n                            <div class=\"item item-image\">\r\n                    <div class=\"item-cat\">\r\n                                            <a href=\"https:\/\/dollsiliconelove.com\/index.php\/product-category\/europeas\/\" class='cat-image'>\r\n                <img loading=\"lazy\" decoding=\"async\" width=\"800\" height=\"800\" src=\"https:\/\/dollsiliconelove.com\/wp-content\/uploads\/2022\/08\/34.jpg\" class=\"attachment-full size-full\" alt=\"\" \/>            <\/a>\r\n                        <div class=\"content\">\r\n                <a href=\"https:\/\/dollsiliconelove.com\/index.php\/product-category\/europeas\/\" class=\"cat-name\" >\r\n                    <span class=\"name\">\r\n                        EUROPEAS                    <\/span>\r\n                <\/a>\r\n                \r\n            <\/div>\r\n                            <\/div>\r\n                <\/div>\r\n                <\/div>\r\n\r\n    <\/div>\t\t\t\t<\/div>\n\t\t\t\t<\/div>\n\t\t\t\t<div class=\"elementor-element elementor-element-bd0b206 elementor-widget__width-inherit align-left align-center elementor-widget elementor-widget-tbay-custom-image-list-categories\" data-id=\"bd0b206\" data-element_type=\"widget\" data-widget_type=\"tbay-custom-image-list-categories.default\">\n\t\t\t\t<div class=\"elementor-widget-container\">\n\t\t\t\t\t\r\n<div class=\"tbay-element tbay-element-custom-image-list-categories\">\r\n        <div class=\"custom-image-list-categories rows-1 owl-carousel scroll-init style-v2\" data-carousel=\"owl\" data-items=\"3\" data-desktopslick=\"2\" data-desktopsmallslick=\"2\" data-tabletslick=\"3\" data-landscapeslick=\"2\" data-mobileslick=\"2\" data-rows=\"1\" data-speed=\"500\" data-loop=\"\" data-nav=\"\" data-pagination=\"1\" data-auto=\"\" data-unslick=\"1\" > \r\n                        <div class=\"item item-image\">\r\n                    <div class=\"item-cat\">\r\n                                            <a href=\"https:\/\/dollsiliconelove.com\/index.php\/product-category\/busto-economy\/\" class='cat-image'>\r\n                <img loading=\"lazy\" decoding=\"async\" width=\"800\" height=\"800\" src=\"https:\/\/dollsiliconelove.com\/wp-content\/uploads\/2025\/11\/IMG-20251102-WA0010.jpg\" class=\"attachment-full size-full\" alt=\"\" \/>            <\/a>\r\n                        <div class=\"content\">\r\n                <a href=\"https:\/\/dollsiliconelove.com\/index.php\/product-category\/busto-economy\/\" class=\"cat-name\" >\r\n                    <span class=\"name\">\r\n                        BUSTO ECONOMY                    <\/span>\r\n                <\/a>\r\n                \r\n            <\/div>\r\n                            <\/div>\r\n                <\/div>\r\n                <\/div>\r\n\r\n    <\/div>\t\t\t\t<\/div>\n\t\t\t\t<\/div>\n\t\t\t\t\t<\/div>\n\t\t<\/div>\n\t\t\t\t<div class=\"elementor-column elementor-col-33 elementor-top-column elementor-element elementor-element-b1a2090\" data-id=\"b1a2090\" data-element_type=\"column\">\n\t\t\t<div class=\"elementor-widget-wrap\">\n\t\t\t\t\t\t\t<\/div>\n\t\t<\/div>\n\t\t\t\t\t<\/div>\n\t\t<\/section>\n\t\t\t\t<\/div>\n\t\t","protected":false},"excerpt":{"rendered":"<p>http:\/\/ove.com\/wp-content\/uploads\/2025\/11\/VID-20250421-WA0004-1.mp4 Tu sue\u00f1o hecho realidadNuestras categor\u00edasLas mu\u00f1ecas m\u00e1s sensuales est\u00e1n deseando cumplir todas tus fantas\u00edas \u00bfTe atreves? ASI\u00c1TICAS EUROPEAS BUSTO ECONOMY<\/p>\n","protected":false},"author":1,"featured_media":0,"parent":0,"menu_order":0,"comment_status":"closed","ping_status":"closed","template":"","meta":{"footnotes":""},"class_list":["post-145","page","type-page","status-publish","hentry"],"jetpack_sharing_enabled":true,"_links":{"self":[{"href":"https:\/\/dollsiliconelove.com\/index.php\/wp-json\/wp\/v2\/pages\/145","targetHints":{"allow":["GET"]}}],"collection":[{"href":"https:\/\/dollsiliconelove.com\/index.php\/wp-json\/wp\/v2\/pages"}],"about":[{"href":"https:\/\/dollsiliconelove.com\/index.php\/wp-json\/wp\/v2\/types\/page"}],"author":[{"embeddable":true,"href":"https:\/\/dollsiliconelove.com\/index.php\/wp-json\/wp\/v2\/users\/1"}],"replies":[{"embeddable":true,"href":"https:\/\/dollsiliconelove.com\/index.php\/wp-json\/wp\/v2\/comments?post=145"}],"version-history":[{"count":77,"href":"https:\/\/dollsiliconelove.com\/index.php\/wp-json\/wp\/v2\/pages\/145\/revisions"}],"predecessor-version":[{"id":6639,"href":"https:\/\/dollsiliconelove.com\/index.php\/wp-json\/wp\/v2\/pages\/145\/revisions\/6639"}],"wp:attachment":[{"href":"https:\/\/dollsiliconelove.com\/index.php\/wp-json\/wp\/v2\/media?parent=145"}],"curies":[{"name":"wp","href":"https:\/\/api.w.org\/{rel}","templated":true}]}}