{"id":38,"date":"2022-08-04T01:27:05","date_gmt":"2022-08-04T01:27:05","guid":{"rendered":"https:\/\/el4.thembaydev.com\/fana_dark\/?post_type=product&#038;p=38"},"modified":"2025-11-05T23:12:13","modified_gmt":"2025-11-05T22:12:13","slug":"quetin205","status":"publish","type":"product","link":"https:\/\/dollsiliconelove.com\/index.php\/product\/quetin205\/","title":{"rendered":"QUENTIN #205"},"content":{"rendered":"\t\t<div data-elementor-type=\"wp-post\" data-elementor-id=\"38\" class=\"elementor elementor-38\">\n\t\t\t\t\t\t<section class=\"elementor-section elementor-top-section elementor-element elementor-element-6d49eef4 elementor-section-stretched elementor-section-boxed elementor-section-height-default elementor-section-height-default\" data-id=\"6d49eef4\" data-element_type=\"section\" data-settings=\"{&quot;stretch_section&quot;:&quot;section-stretched&quot;}\">\n\t\t\t\t\t\t\t<div class=\"elementor-background-overlay\"><\/div>\n\t\t\t\t\t\t\t<div class=\"elementor-container elementor-column-gap-default\">\n\t\t\t\t\t<div class=\"elementor-column elementor-col-100 elementor-top-column elementor-element elementor-element-51bc481a\" data-id=\"51bc481a\" data-element_type=\"column\">\n\t\t\t<div class=\"elementor-widget-wrap elementor-element-populated\">\n\t\t\t\t\t\t<div class=\"elementor-element elementor-element-7f449259 elementor-widget elementor-widget-text-editor\" data-id=\"7f449259\" data-element_type=\"widget\" data-widget_type=\"text-editor.default\">\n\t\t\t\t\t\t\t\t\t<p>Todos nuestros productos de Doll Silicone Love tienen una excelente calidad, trabajamos con las mejores f\u00e1bricas.<\/p><p>Env\u00edo con total discreci\u00f3n, completamente an\u00f3nimo.<\/p>\t\t\t\t\t\t\t\t<\/div>\n\t\t\t\t\t<\/div>\n\t\t<\/div>\n\t\t\t\t\t<\/div>\n\t\t<\/section>\n\t\t\t\t<\/div>\n\t\t","protected":false},"excerpt":{"rendered":"<p><strong>QUENTIN #205<\/strong><\/p>\n<p>&nbsp;<\/p>\n<p>MU\u00d1ECA SILICONA TPE<\/p>\n<p>&nbsp;<\/p>\n<p><strong>CALIDAD PREMIUM<\/strong><\/p>\n","protected":false},"featured_media":6024,"comment_status":"open","ping_status":"closed","template":"","meta":[],"product_brand":[],"product_cat":[38],"product_tag":[],"class_list":{"0":"post-38","1":"product","2":"type-product","3":"status-publish","4":"has-post-thumbnail","6":"product_cat-asiaticas","7":"pa_tamano-de-la-muneca-4ft7-145cm","8":"pa_tamano-de-la-muneca-4ft8-148cm","9":"pa_tamano-de-la-muneca-4ft8-148cm-02","10":"pa_tamano-de-la-muneca-5ft-153cm","11":"pa_tamano-de-la-muneca-medidas","12":"pa_tamano-de-la-muneca-5ft-158cm-02","13":"pa_tamano-de-la-muneca-5ft4-165cm","14":"pa_tamano-de-la-muneca-5ft4-165cm-02","15":"pa_tamano-de-la-muneca-5ft5-168cm","16":"pa_tamano-de-la-muneca-5ft5-168cm-02","17":"pa_tamano-de-la-muneca-5ft5-169cm","20":"instock","21":"taxable","22":"shipping-taxable","23":"purchasable","24":"product-type-variable"},"jetpack_sharing_enabled":true,"_links":{"self":[{"href":"https:\/\/dollsiliconelove.com\/index.php\/wp-json\/wp\/v2\/product\/38","targetHints":{"allow":["GET"]}}],"collection":[{"href":"https:\/\/dollsiliconelove.com\/index.php\/wp-json\/wp\/v2\/product"}],"about":[{"href":"https:\/\/dollsiliconelove.com\/index.php\/wp-json\/wp\/v2\/types\/product"}],"replies":[{"embeddable":true,"href":"https:\/\/dollsiliconelove.com\/index.php\/wp-json\/wp\/v2\/comments?post=38"}],"version-history":[{"count":4,"href":"https:\/\/dollsiliconelove.com\/index.php\/wp-json\/wp\/v2\/product\/38\/revisions"}],"predecessor-version":[{"id":6061,"href":"https:\/\/dollsiliconelove.com\/index.php\/wp-json\/wp\/v2\/product\/38\/revisions\/6061"}],"wp:featuredmedia":[{"embeddable":true,"href":"https:\/\/dollsiliconelove.com\/index.php\/wp-json\/wp\/v2\/media\/6024"}],"wp:attachment":[{"href":"https:\/\/dollsiliconelove.com\/index.php\/wp-json\/wp\/v2\/media?parent=38"}],"wp:term":[{"taxonomy":"product_brand","embeddable":true,"href":"https:\/\/dollsiliconelove.com\/index.php\/wp-json\/wp\/v2\/product_brand?post=38"},{"taxonomy":"product_cat","embeddable":true,"href":"https:\/\/dollsiliconelove.com\/index.php\/wp-json\/wp\/v2\/product_cat?post=38"},{"taxonomy":"product_tag","embeddable":true,"href":"https:\/\/dollsiliconelove.com\/index.php\/wp-json\/wp\/v2\/product_tag?post=38"}],"curies":[{"name":"wp","href":"https:\/\/api.w.org\/{rel}","templated":true}]}}