{"id":39,"date":"2022-08-04T01:27:06","date_gmt":"2022-08-04T01:27:06","guid":{"rendered":"https:\/\/el4.thembaydev.com\/fana_dark\/?post_type=product&#038;p=39"},"modified":"2025-11-10T20:21:43","modified_gmt":"2025-11-10T19:21:43","slug":"wesley204","status":"publish","type":"product","link":"https:\/\/dollsiliconelove.com\/index.php\/product\/wesley204\/","title":{"rendered":"WESLEY #204"},"content":{"rendered":"\t\t<div data-elementor-type=\"wp-post\" data-elementor-id=\"39\" class=\"elementor elementor-39\">\n\t\t\t\t\t\t<section class=\"elementor-section elementor-top-section elementor-element elementor-element-1f216f79 elementor-section-stretched elementor-section-boxed elementor-section-height-default elementor-section-height-default\" data-id=\"1f216f79\" data-element_type=\"section\" data-settings=\"{&quot;stretch_section&quot;:&quot;section-stretched&quot;}\">\n\t\t\t\t\t\t\t<div class=\"elementor-background-overlay\"><\/div>\n\t\t\t\t\t\t\t<div class=\"elementor-container elementor-column-gap-default\">\n\t\t\t\t\t<div class=\"elementor-column elementor-col-100 elementor-top-column elementor-element elementor-element-28ad8609\" data-id=\"28ad8609\" data-element_type=\"column\">\n\t\t\t<div class=\"elementor-widget-wrap elementor-element-populated\">\n\t\t\t\t\t\t<div class=\"elementor-element elementor-element-29d25290 elementor-widget elementor-widget-text-editor\" data-id=\"29d25290\" data-element_type=\"widget\" data-widget_type=\"text-editor.default\">\n\t\t\t\t\t\t\t\t\t<p>Todos nuestros productos de Doll Silicone Love tienen una excelente calidad, trabajamos con las mejores f\u00e1bricas.<\/p><p>Env\u00edo con total discreci\u00f3n, completamente an\u00f3nimo.<\/p>\t\t\t\t\t\t\t\t<\/div>\n\t\t\t\t\t<\/div>\n\t\t<\/div>\n\t\t\t\t\t<\/div>\n\t\t<\/section>\n\t\t\t\t<\/div>\n\t\t","protected":false},"excerpt":{"rendered":"<p><strong>WESLEY #203<\/strong><\/p>\n[video width=\"607\" height=\"1080\" mp4=\"https:\/\/dollsiliconelove.com\/wp-content\/uploads\/2022\/08\/3\u670823\u65e51_1.mp4\"][\/video]\n<p>&nbsp;<\/p>\n<p>&nbsp;<\/p>\n<p>&nbsp;<\/p>\n<p>MU\u00d1ECA SILICONA TPE<\/p>\n<p>&nbsp;<\/p>\n<p>&nbsp;<\/p>\n<p>&nbsp;<\/p>\n<p><strong>CALIDAD PREMIUM<\/strong><\/p>\n","protected":false},"featured_media":5978,"comment_status":"open","ping_status":"closed","template":"","meta":[],"product_brand":[],"product_cat":[38],"product_tag":[],"class_list":{"0":"post-39","1":"product","2":"type-product","3":"status-publish","4":"has-post-thumbnail","6":"product_cat-asiaticas","7":"pa_tamano-de-la-muneca-4ft7-145cm","8":"pa_tamano-de-la-muneca-4ft8-148cm","9":"pa_tamano-de-la-muneca-4ft8-148cm-02","10":"pa_tamano-de-la-muneca-5ft-153cm","11":"pa_tamano-de-la-muneca-medidas","12":"pa_tamano-de-la-muneca-5ft-158cm-02","13":"pa_tamano-de-la-muneca-5ft4-165cm","14":"pa_tamano-de-la-muneca-5ft4-165cm-02","15":"pa_tamano-de-la-muneca-5ft5-168cm","16":"pa_tamano-de-la-muneca-5ft5-168cm-02","17":"pa_tamano-de-la-muneca-5ft5-169cm","20":"instock","21":"taxable","22":"shipping-taxable","23":"purchasable","24":"product-type-variable"},"jetpack_sharing_enabled":true,"_links":{"self":[{"href":"https:\/\/dollsiliconelove.com\/index.php\/wp-json\/wp\/v2\/product\/39","targetHints":{"allow":["GET"]}}],"collection":[{"href":"https:\/\/dollsiliconelove.com\/index.php\/wp-json\/wp\/v2\/product"}],"about":[{"href":"https:\/\/dollsiliconelove.com\/index.php\/wp-json\/wp\/v2\/types\/product"}],"replies":[{"embeddable":true,"href":"https:\/\/dollsiliconelove.com\/index.php\/wp-json\/wp\/v2\/comments?post=39"}],"version-history":[{"count":9,"href":"https:\/\/dollsiliconelove.com\/index.php\/wp-json\/wp\/v2\/product\/39\/revisions"}],"predecessor-version":[{"id":6199,"href":"https:\/\/dollsiliconelove.com\/index.php\/wp-json\/wp\/v2\/product\/39\/revisions\/6199"}],"wp:featuredmedia":[{"embeddable":true,"href":"https:\/\/dollsiliconelove.com\/index.php\/wp-json\/wp\/v2\/media\/5978"}],"wp:attachment":[{"href":"https:\/\/dollsiliconelove.com\/index.php\/wp-json\/wp\/v2\/media?parent=39"}],"wp:term":[{"taxonomy":"product_brand","embeddable":true,"href":"https:\/\/dollsiliconelove.com\/index.php\/wp-json\/wp\/v2\/product_brand?post=39"},{"taxonomy":"product_cat","embeddable":true,"href":"https:\/\/dollsiliconelove.com\/index.php\/wp-json\/wp\/v2\/product_cat?post=39"},{"taxonomy":"product_tag","embeddable":true,"href":"https:\/\/dollsiliconelove.com\/index.php\/wp-json\/wp\/v2\/product_tag?post=39"}],"curies":[{"name":"wp","href":"https:\/\/api.w.org\/{rel}","templated":true}]}}