{"id":41,"date":"2022-08-04T01:27:10","date_gmt":"2022-08-04T01:27:10","guid":{"rendered":"https:\/\/el4.thembaydev.com\/fana_dark\/?post_type=product&#038;p=41"},"modified":"2025-11-02T15:00:25","modified_gmt":"2025-11-02T14:00:25","slug":"avec-les-filles-wide-leg-shorts","status":"publish","type":"product","link":"https:\/\/dollsiliconelove.com\/index.php\/product\/avec-les-filles-wide-leg-shorts\/","title":{"rendered":"ZANE #203"},"content":{"rendered":"\t\t<div data-elementor-type=\"wp-post\" data-elementor-id=\"41\" class=\"elementor elementor-41\">\n\t\t\t\t\t\t<section class=\"elementor-section elementor-top-section elementor-element elementor-element-5864b811 elementor-section-stretched elementor-section-boxed elementor-section-height-default elementor-section-height-default\" data-id=\"5864b811\" data-element_type=\"section\" data-settings=\"{&quot;stretch_section&quot;:&quot;section-stretched&quot;}\">\n\t\t\t\t\t\t\t<div class=\"elementor-background-overlay\"><\/div>\n\t\t\t\t\t\t\t<div class=\"elementor-container elementor-column-gap-default\">\n\t\t\t\t\t<div class=\"elementor-column elementor-col-100 elementor-top-column elementor-element elementor-element-780de657\" data-id=\"780de657\" data-element_type=\"column\">\n\t\t\t<div class=\"elementor-widget-wrap elementor-element-populated\">\n\t\t\t\t\t\t<div class=\"elementor-element elementor-element-71e19424 elementor-widget elementor-widget-text-editor\" data-id=\"71e19424\" data-element_type=\"widget\" data-widget_type=\"text-editor.default\">\n\t\t\t\t\t\t\t\t\t<p>Todos nuestros productos de Doll Silicone Love tienen una excelente calidad, trabajamos con las mejores f\u00e1bricas.<\/p><p>Env\u00edo con total discreci\u00f3n, completamente an\u00f3nimo.<\/p>\t\t\t\t\t\t\t\t<\/div>\n\t\t\t\t\t<\/div>\n\t\t<\/div>\n\t\t\t\t\t<\/div>\n\t\t<\/section>\n\t\t<div class=\"elementor-element elementor-element-4c39749 e-flex e-con-boxed e-con e-parent\" data-id=\"4c39749\" data-element_type=\"container\">\n\t\t\t\t\t<div class=\"e-con-inner\">\n\t\t<div class=\"elementor-element elementor-element-2c3b7d1 e-con-full e-flex e-con e-child\" data-id=\"2c3b7d1\" data-element_type=\"container\">\n\t\t\t\t<div class=\"elementor-element elementor-element-313bdf3 elementor-widget elementor-widget-image\" data-id=\"313bdf3\" data-element_type=\"widget\" data-widget_type=\"image.default\">\n\t\t\t\t\t\t\t\t\t\t\t\t\t\t\t<img decoding=\"async\" src=\"https:\/\/dollsiliconelove.com\/wp-content\/uploads\/elementor\/thumbs\/Screenshot_20250720140836-1-re47lt1332v1aaia0bn17n60pa9e8oqwcupsdzlfg0.png\" title=\"Screenshot_20250720140836-1\" alt=\"Screenshot_20250720140836-1\" loading=\"lazy\" \/>\t\t\t\t\t\t\t\t\t\t\t\t\t\t\t<\/div>\n\t\t\t\t<\/div>\n\t\t<div class=\"elementor-element elementor-element-e97c3e9 e-con-full e-flex e-con e-child\" data-id=\"e97c3e9\" data-element_type=\"container\">\n\t\t<div class=\"elementor-element elementor-element-3640ade e-con-full e-flex e-con e-child\" data-id=\"3640ade\" data-element_type=\"container\">\n\t\t\t\t<div class=\"elementor-element elementor-element-cb0b3d1 elementor-widget elementor-widget-image\" data-id=\"cb0b3d1\" data-element_type=\"widget\" data-widget_type=\"image.default\">\n\t\t\t\t\t\t\t\t\t\t\t\t\t\t\t<img fetchpriority=\"high\" decoding=\"async\" width=\"344\" height=\"462\" src=\"https:\/\/dollsiliconelove.com\/wp-content\/uploads\/2025\/11\/Screenshot_20250720140910-344x462.png\" class=\"attachment-large size-large wp-image-5886\" alt=\"\" \/>\t\t\t\t\t\t\t\t\t\t\t\t\t\t\t<\/div>\n\t\t\t\t<\/div>\n\t\t<div class=\"elementor-element elementor-element-089aa1a e-con-full e-flex e-con e-child\" data-id=\"089aa1a\" data-element_type=\"container\">\n\t\t\t\t<div class=\"elementor-element elementor-element-db5165e elementor-widget elementor-widget-image\" data-id=\"db5165e\" data-element_type=\"widget\" data-widget_type=\"image.default\">\n\t\t\t\t\t\t\t\t\t\t\t\t\t\t\t<img decoding=\"async\" width=\"493\" height=\"462\" src=\"https:\/\/dollsiliconelove.com\/wp-content\/uploads\/2025\/11\/Screenshot_20250720140946-1-1-493x462.png\" class=\"attachment-large size-large wp-image-5918\" alt=\"\" \/>\t\t\t\t\t\t\t\t\t\t\t\t\t\t\t<\/div>\n\t\t\t\t<\/div>\n\t\t\t\t<\/div>\n\t\t\t\t\t<\/div>\n\t\t\t\t<\/div>\n\t\t\t\t<\/div>\n\t\t","protected":false},"excerpt":{"rendered":"[video width=\"607\" height=\"1080\" mp4=\"https:\/\/dollsiliconelove.com\/wp-content\/uploads\/2022\/08\/10\u670830\u65e5-11_1.mp4\"][\/video]\n<p><strong>ZANE #203<\/strong><\/p>\n<p>&nbsp;<\/p>\n<p>&nbsp;<\/p>\n<p>&nbsp;<\/p>\n<p>MU\u00d1ECA SILICONA TPE<\/p>\n<p>&nbsp;<\/p>\n<p>&nbsp;<\/p>\n<p>&nbsp;<\/p>\n<p><strong>CALIDAD PREMIUM<\/strong><\/p>\n","protected":false},"featured_media":5877,"comment_status":"open","ping_status":"closed","template":"","meta":[],"product_brand":[],"product_cat":[38],"product_tag":[],"class_list":{"0":"post-41","1":"product","2":"type-product","3":"status-publish","4":"has-post-thumbnail","6":"product_cat-asiaticas","7":"pa_tamano-de-la-muneca-4ft7-145cm","8":"pa_tamano-de-la-muneca-4ft8-148cm","9":"pa_tamano-de-la-muneca-4ft8-148cm-02","10":"pa_tamano-de-la-muneca-5ft-153cm","11":"pa_tamano-de-la-muneca-medidas","12":"pa_tamano-de-la-muneca-5ft-158cm-02","13":"pa_tamano-de-la-muneca-5ft4-165cm","14":"pa_tamano-de-la-muneca-5ft4-165cm-02","15":"pa_tamano-de-la-muneca-5ft5-168cm","16":"pa_tamano-de-la-muneca-5ft5-168cm-02","17":"pa_tamano-de-la-muneca-5ft5-169cm","20":"instock","21":"taxable","22":"shipping-taxable","23":"purchasable","24":"product-type-variable"},"jetpack_sharing_enabled":true,"_links":{"self":[{"href":"https:\/\/dollsiliconelove.com\/index.php\/wp-json\/wp\/v2\/product\/41","targetHints":{"allow":["GET"]}}],"collection":[{"href":"https:\/\/dollsiliconelove.com\/index.php\/wp-json\/wp\/v2\/product"}],"about":[{"href":"https:\/\/dollsiliconelove.com\/index.php\/wp-json\/wp\/v2\/types\/product"}],"replies":[{"embeddable":true,"href":"https:\/\/dollsiliconelove.com\/index.php\/wp-json\/wp\/v2\/comments?post=41"}],"version-history":[{"count":6,"href":"https:\/\/dollsiliconelove.com\/index.php\/wp-json\/wp\/v2\/product\/41\/revisions"}],"predecessor-version":[{"id":5921,"href":"https:\/\/dollsiliconelove.com\/index.php\/wp-json\/wp\/v2\/product\/41\/revisions\/5921"}],"wp:featuredmedia":[{"embeddable":true,"href":"https:\/\/dollsiliconelove.com\/index.php\/wp-json\/wp\/v2\/media\/5877"}],"wp:attachment":[{"href":"https:\/\/dollsiliconelove.com\/index.php\/wp-json\/wp\/v2\/media?parent=41"}],"wp:term":[{"taxonomy":"product_brand","embeddable":true,"href":"https:\/\/dollsiliconelove.com\/index.php\/wp-json\/wp\/v2\/product_brand?post=41"},{"taxonomy":"product_cat","embeddable":true,"href":"https:\/\/dollsiliconelove.com\/index.php\/wp-json\/wp\/v2\/product_cat?post=41"},{"taxonomy":"product_tag","embeddable":true,"href":"https:\/\/dollsiliconelove.com\/index.php\/wp-json\/wp\/v2\/product_tag?post=41"}],"curies":[{"name":"wp","href":"https:\/\/api.w.org\/{rel}","templated":true}]}}