{"id":43,"date":"2022-08-04T01:27:16","date_gmt":"2022-08-04T01:27:16","guid":{"rendered":"https:\/\/el4.thembaydev.com\/fana_dark\/?post_type=product&#038;p=43"},"modified":"2025-11-10T20:15:47","modified_gmt":"2025-11-10T19:15:47","slug":"mira105","status":"publish","type":"product","link":"https:\/\/dollsiliconelove.com\/index.php\/product\/mira105\/","title":{"rendered":"MIRA #105"},"content":{"rendered":"\t\t<div data-elementor-type=\"wp-post\" data-elementor-id=\"43\" class=\"elementor elementor-43\">\n\t\t\t\t\t\t<section class=\"elementor-section elementor-top-section elementor-element elementor-element-66ac5e18 elementor-section-stretched elementor-section-boxed elementor-section-height-default elementor-section-height-default\" data-id=\"66ac5e18\" data-element_type=\"section\" data-settings=\"{&quot;stretch_section&quot;:&quot;section-stretched&quot;}\">\n\t\t\t\t\t\t\t<div class=\"elementor-background-overlay\"><\/div>\n\t\t\t\t\t\t\t<div class=\"elementor-container elementor-column-gap-default\">\n\t\t\t\t\t<div class=\"elementor-column elementor-col-100 elementor-top-column elementor-element elementor-element-771c06db\" data-id=\"771c06db\" data-element_type=\"column\">\n\t\t\t<div class=\"elementor-widget-wrap elementor-element-populated\">\n\t\t\t\t\t\t<div class=\"elementor-element elementor-element-2e94bc5c elementor-widget elementor-widget-text-editor\" data-id=\"2e94bc5c\" data-element_type=\"widget\" data-widget_type=\"text-editor.default\">\n\t\t\t\t\t\t\t\t\t<p>Todos nuestros productos de Doll Silicone Love tienen una excelente calidad, trabajamos con las mejores f\u00e1bricas.<\/p><p>Env\u00edo con total discreci\u00f3n, completamente an\u00f3nimo.<\/p>\t\t\t\t\t\t\t\t<\/div>\n\t\t\t\t\t<\/div>\n\t\t<\/div>\n\t\t\t\t\t<\/div>\n\t\t<\/section>\n\t\t\t\t<section class=\"elementor-section elementor-top-section elementor-element elementor-element-192a7dd7 elementor-section-content-middle elementor-section-boxed elementor-section-height-default elementor-section-height-default\" data-id=\"192a7dd7\" data-element_type=\"section\">\n\t\t\t\t\t\t<div class=\"elementor-container elementor-column-gap-default\">\n\t\t\t\t\t<div class=\"elementor-column elementor-col-50 elementor-top-column elementor-element elementor-element-46db5e6e\" data-id=\"46db5e6e\" data-element_type=\"column\" data-settings=\"{&quot;background_background&quot;:&quot;slideshow&quot;,&quot;background_slideshow_gallery&quot;:[],&quot;background_slideshow_loop&quot;:&quot;yes&quot;,&quot;background_slideshow_slide_duration&quot;:5000,&quot;background_slideshow_slide_transition&quot;:&quot;fade&quot;,&quot;background_slideshow_transition_duration&quot;:500}\">\n\t\t\t<div class=\"elementor-widget-wrap elementor-element-populated\">\n\t\t\t\t\t\t<section class=\"elementor-section elementor-inner-section elementor-element elementor-element-41b13cbd elementor-section-boxed elementor-section-height-default elementor-section-height-default\" data-id=\"41b13cbd\" data-element_type=\"section\">\n\t\t\t\t\t\t<div class=\"elementor-container elementor-column-gap-no\">\n\t\t\t\t\t<div class=\"elementor-column elementor-col-50 elementor-inner-column elementor-element elementor-element-66c4968b\" data-id=\"66c4968b\" data-element_type=\"column\" data-settings=\"{&quot;background_background&quot;:&quot;classic&quot;}\">\n\t\t\t<div class=\"elementor-widget-wrap elementor-element-populated\">\n\t\t\t\t\t\t<div class=\"elementor-element elementor-element-7987f469 elementor-widget elementor-widget-text-editor\" data-id=\"7987f469\" data-element_type=\"widget\" data-widget_type=\"text-editor.default\">\n\t\t\t\t\t\t\t\t\t<p>Env\u00edo<\/p>\t\t\t\t\t\t\t\t<\/div>\n\t\t\t\t\t<\/div>\n\t\t<\/div>\n\t\t\t\t<div class=\"elementor-column elementor-col-50 elementor-inner-column elementor-element elementor-element-25795849\" data-id=\"25795849\" data-element_type=\"column\">\n\t\t\t<div class=\"elementor-widget-wrap elementor-element-populated\">\n\t\t\t\t\t\t<div class=\"elementor-element elementor-element-537e0bf6 elementor-widget elementor-widget-text-editor\" data-id=\"537e0bf6\" data-element_type=\"widget\" data-widget_type=\"text-editor.default\">\n\t\t\t\t\t\t\t\t\t<p>Standard<\/p>\t\t\t\t\t\t\t\t<\/div>\n\t\t\t\t\t<\/div>\n\t\t<\/div>\n\t\t\t\t\t<\/div>\n\t\t<\/section>\n\t\t\t\t<section class=\"elementor-section elementor-inner-section elementor-element elementor-element-173a4ff8 elementor-section-boxed elementor-section-height-default elementor-section-height-default\" data-id=\"173a4ff8\" data-element_type=\"section\">\n\t\t\t\t\t\t<div class=\"elementor-container elementor-column-gap-no\">\n\t\t\t\t\t<div class=\"elementor-column elementor-col-50 elementor-inner-column elementor-element elementor-element-4a1ff83c\" data-id=\"4a1ff83c\" data-element_type=\"column\" data-settings=\"{&quot;background_background&quot;:&quot;classic&quot;}\">\n\t\t\t<div class=\"elementor-widget-wrap elementor-element-populated\">\n\t\t\t\t\t\t<div class=\"elementor-element elementor-element-7d34b034 elementor-widget elementor-widget-text-editor\" data-id=\"7d34b034\" data-element_type=\"widget\" data-widget_type=\"text-editor.default\">\n\t\t\t\t\t\t\t\t\t<p>Tiempo de entrega<\/p>\t\t\t\t\t\t\t\t<\/div>\n\t\t\t\t\t<\/div>\n\t\t<\/div>\n\t\t\t\t<div class=\"elementor-column elementor-col-50 elementor-inner-column elementor-element elementor-element-69aade7c\" data-id=\"69aade7c\" data-element_type=\"column\">\n\t\t\t<div class=\"elementor-widget-wrap elementor-element-populated\">\n\t\t\t\t\t\t<div class=\"elementor-element elementor-element-171be28d elementor-widget elementor-widget-text-editor\" data-id=\"171be28d\" data-element_type=\"widget\" data-widget_type=\"text-editor.default\">\n\t\t\t\t\t\t\t\t\t<p>15 d\u00edas<\/p>\t\t\t\t\t\t\t\t<\/div>\n\t\t\t\t\t<\/div>\n\t\t<\/div>\n\t\t\t\t\t<\/div>\n\t\t<\/section>\n\t\t\t\t<section class=\"elementor-section elementor-inner-section elementor-element elementor-element-68c40833 elementor-section-boxed elementor-section-height-default elementor-section-height-default\" data-id=\"68c40833\" data-element_type=\"section\">\n\t\t\t\t\t\t<div class=\"elementor-container elementor-column-gap-no\">\n\t\t\t\t\t<div class=\"elementor-column elementor-col-50 elementor-inner-column elementor-element elementor-element-684798b2\" data-id=\"684798b2\" data-element_type=\"column\" data-settings=\"{&quot;background_background&quot;:&quot;classic&quot;}\">\n\t\t\t<div class=\"elementor-widget-wrap elementor-element-populated\">\n\t\t\t\t\t\t<div class=\"elementor-element elementor-element-efa7e68 elementor-widget elementor-widget-text-editor\" data-id=\"efa7e68\" data-element_type=\"widget\" data-widget_type=\"text-editor.default\">\n\t\t\t\t\t\t\t\t\t<p>Gastos de env\u00edo<\/p>\t\t\t\t\t\t\t\t<\/div>\n\t\t\t\t\t<\/div>\n\t\t<\/div>\n\t\t\t\t<div class=\"elementor-column elementor-col-50 elementor-inner-column elementor-element elementor-element-ecc51d7\" data-id=\"ecc51d7\" data-element_type=\"column\">\n\t\t\t<div class=\"elementor-widget-wrap elementor-element-populated\">\n\t\t\t\t\t\t<div class=\"elementor-element elementor-element-1eba7ec1 elementor-widget elementor-widget-text-editor\" data-id=\"1eba7ec1\" data-element_type=\"widget\" data-widget_type=\"text-editor.default\">\n\t\t\t\t\t\t\t\t\t<p>GRATIS<\/p>\t\t\t\t\t\t\t\t<\/div>\n\t\t\t\t\t<\/div>\n\t\t<\/div>\n\t\t\t\t\t<\/div>\n\t\t<\/section>\n\t\t\t\t\t<\/div>\n\t\t<\/div>\n\t\t\t\t<div class=\"elementor-column elementor-col-50 elementor-top-column elementor-element elementor-element-5896f944\" data-id=\"5896f944\" data-element_type=\"column\" data-settings=\"{&quot;background_background&quot;:&quot;classic&quot;}\">\n\t\t\t<div class=\"elementor-widget-wrap elementor-element-populated\">\n\t\t\t\t\t\t<div class=\"elementor-element elementor-element-a2d80af align-center elementor-widget elementor-widget-tbay-custom-gallery\" data-id=\"a2d80af\" data-element_type=\"widget\" data-widget_type=\"tbay-custom-gallery.default\">\n\t\t\t\t<div class=\"elementor-widget-container\">\n\t\t\t\t\t\r\n<div class=\"tbay-element tbay-element-custom-gallery\">\r\n    \r\n    <div class=\"custom-gallery row grid\" data-xlgdesktop=\"1\" data-desktop=\"1\" data-desktopsmall=\"1\" data-tablet=\"3\" data-landscape=\"2\" data-mobile=\"2\">\r\n        \r\n                <div class=\"gallery-item grid\">\r\n                        <a class=\"gallery-link effect-no\"\r\n                href=\"https:\/\/dollsiliconelove.com\/wp-content\/uploads\/2025\/10\/Screenshot_20250720140910.png\"\r\n                data-lightbox-title=\"Screenshot_20250720140910\"\r\n                data-text=\"\">\r\n                <img fetchpriority=\"high\" decoding=\"async\" width=\"614\" height=\"824\" src=\"https:\/\/dollsiliconelove.com\/wp-content\/uploads\/2025\/10\/Screenshot_20250720140910.png\" class=\"attachment-full size-full\" alt=\"\" \/>            <\/a>\r\n        <\/div>\r\n        \r\n        \r\n                <div class=\"gallery-item grid\">\r\n                        <a class=\"gallery-link effect-no\"\r\n                href=\"https:\/\/dollsiliconelove.com\/wp-content\/uploads\/2022\/08\/Screenshot_20250720140836.png\"\r\n                data-lightbox-title=\"Screenshot_20250720140836\"\r\n                data-text=\"\">\r\n                <img decoding=\"async\" width=\"605\" height=\"1238\" src=\"https:\/\/dollsiliconelove.com\/wp-content\/uploads\/2022\/08\/Screenshot_20250720140836.png\" class=\"attachment-full size-full\" alt=\"\" \/>            <\/a>\r\n        <\/div>\r\n        \r\n            <\/div>\r\n<\/div>\t\t\t\t<\/div>\n\t\t\t\t<\/div>\n\t\t\t\t\t<\/div>\n\t\t<\/div>\n\t\t\t\t\t<\/div>\n\t\t<\/section>\n\t\t\t\t<\/div>\n\t\t","protected":false},"excerpt":{"rendered":"[video width=\"607\" height=\"1080\" mp4=\"https:\/\/dollsiliconelove.com\/wp-content\/uploads\/2022\/08\/1\u670820\u65e52_1-1.mp4\"][\/video]\n<p><strong>MIRA<\/strong> #105 &#8211; EUROPEA<\/p>\n<p>&nbsp;<\/p>\n<p>Mu\u00f1eca de Silicona TPE<\/p>\n<p>&nbsp;<\/p>\n<p><strong>CALIDAD PREMIUM<\/strong><\/p>\n<p>&nbsp;<\/p>\n<p>COMPLETAMENTE\u00a0 articulada, esqueleto EVO.<\/p>\n","protected":false},"featured_media":5795,"comment_status":"open","ping_status":"closed","template":"","meta":[],"product_brand":[],"product_cat":[42],"product_tag":[],"class_list":{"0":"post-43","1":"product","2":"type-product","3":"status-publish","4":"has-post-thumbnail","6":"product_cat-europeas","7":"pa_color-pelo-azul","8":"pa_color-pelo-gris","9":"pa_color-pelo-morena","10":"pa_color-pelo-rosa","11":"pa_color-pelo-rubia","12":"pa_tamano-de-la-muneca-4ft7-145cm","13":"pa_tamano-de-la-muneca-4ft8-148cm","14":"pa_tamano-de-la-muneca-4ft8-148cm-02","15":"pa_tamano-de-la-muneca-5ft-153cm","16":"pa_tamano-de-la-muneca-medidas","17":"pa_tamano-de-la-muneca-5ft-158cm-02","18":"pa_tamano-de-la-muneca-5ft4-165cm","19":"pa_tamano-de-la-muneca-5ft4-165cm-02","20":"pa_tamano-de-la-muneca-5ft5-168cm","21":"pa_tamano-de-la-muneca-5ft5-168cm-02","22":"pa_tamano-de-la-muneca-5ft5-169cm","25":"instock","26":"taxable","27":"shipping-taxable","28":"purchasable","29":"product-type-variable"},"jetpack_sharing_enabled":true,"_links":{"self":[{"href":"https:\/\/dollsiliconelove.com\/index.php\/wp-json\/wp\/v2\/product\/43","targetHints":{"allow":["GET"]}}],"collection":[{"href":"https:\/\/dollsiliconelove.com\/index.php\/wp-json\/wp\/v2\/product"}],"about":[{"href":"https:\/\/dollsiliconelove.com\/index.php\/wp-json\/wp\/v2\/types\/product"}],"replies":[{"embeddable":true,"href":"https:\/\/dollsiliconelove.com\/index.php\/wp-json\/wp\/v2\/comments?post=43"}],"version-history":[{"count":10,"href":"https:\/\/dollsiliconelove.com\/index.php\/wp-json\/wp\/v2\/product\/43\/revisions"}],"predecessor-version":[{"id":5829,"href":"https:\/\/dollsiliconelove.com\/index.php\/wp-json\/wp\/v2\/product\/43\/revisions\/5829"}],"wp:featuredmedia":[{"embeddable":true,"href":"https:\/\/dollsiliconelove.com\/index.php\/wp-json\/wp\/v2\/media\/5795"}],"wp:attachment":[{"href":"https:\/\/dollsiliconelove.com\/index.php\/wp-json\/wp\/v2\/media?parent=43"}],"wp:term":[{"taxonomy":"product_brand","embeddable":true,"href":"https:\/\/dollsiliconelove.com\/index.php\/wp-json\/wp\/v2\/product_brand?post=43"},{"taxonomy":"product_cat","embeddable":true,"href":"https:\/\/dollsiliconelove.com\/index.php\/wp-json\/wp\/v2\/product_cat?post=43"},{"taxonomy":"product_tag","embeddable":true,"href":"https:\/\/dollsiliconelove.com\/index.php\/wp-json\/wp\/v2\/product_tag?post=43"}],"curies":[{"name":"wp","href":"https:\/\/api.w.org\/{rel}","templated":true}]}}