{"id":44,"date":"2022-08-04T01:27:19","date_gmt":"2022-08-04T01:27:19","guid":{"rendered":"https:\/\/el4.thembaydev.com\/fana_dark\/?post_type=product&#038;p=44"},"modified":"2025-11-10T20:14:40","modified_gmt":"2025-11-10T19:14:40","slug":"haslton103","status":"publish","type":"product","link":"https:\/\/dollsiliconelove.com\/index.php\/product\/haslton103\/","title":{"rendered":"HASLTON #103"},"content":{"rendered":"\t\t<div data-elementor-type=\"wp-post\" data-elementor-id=\"44\" class=\"elementor elementor-44\">\n\t\t\t\t\t\t<section class=\"elementor-section elementor-top-section elementor-element elementor-element-2e9eca05 elementor-section-stretched elementor-section-boxed elementor-section-height-default elementor-section-height-default\" data-id=\"2e9eca05\" data-element_type=\"section\" data-settings=\"{&quot;stretch_section&quot;:&quot;section-stretched&quot;}\">\n\t\t\t\t\t\t\t<div class=\"elementor-background-overlay\"><\/div>\n\t\t\t\t\t\t\t<div class=\"elementor-container elementor-column-gap-default\">\n\t\t\t\t\t<div class=\"elementor-column elementor-col-100 elementor-top-column elementor-element elementor-element-6f46e98d\" data-id=\"6f46e98d\" data-element_type=\"column\">\n\t\t\t<div class=\"elementor-widget-wrap elementor-element-populated\">\n\t\t\t\t\t\t<div class=\"elementor-element elementor-element-7152385d elementor-widget elementor-widget-text-editor\" data-id=\"7152385d\" data-element_type=\"widget\" data-widget_type=\"text-editor.default\">\n\t\t\t\t\t\t\t\t\t<p>Todos nuestros productos de Doll Silicone Love tienen una excelente calidad, trabajamos con las mejores f\u00e1bricas.<\/p><p>Env\u00edo con total discreci\u00f3n, completamente an\u00f3nimo.<\/p>\t\t\t\t\t\t\t\t<\/div>\n\t\t\t\t\t<\/div>\n\t\t<\/div>\n\t\t\t\t\t<\/div>\n\t\t<\/section>\n\t\t\t\t<\/div>\n\t\t","protected":false},"excerpt":{"rendered":"[video width=\"607\" height=\"1080\" mp4=\"https:\/\/dollsiliconelove.com\/wp-content\/uploads\/2022\/08\/9\u670812\u65e52_1.mp4\"][\/video]\n<p><strong>HASLTON 03<\/strong>, Mu\u00f1eca de Silicona TPE PREMIUM.<\/p>\n<p>Personaliza tu mu\u00f1eca hiperrealista.<\/p>\n","protected":false},"featured_media":5681,"comment_status":"open","ping_status":"closed","template":"","meta":[],"product_brand":[],"product_cat":[42],"product_tag":[],"class_list":{"0":"post-44","1":"product","2":"type-product","3":"status-publish","4":"has-post-thumbnail","6":"product_cat-europeas","7":"pa_color-pelo-azul","8":"pa_color-pelo-gris","9":"pa_color-pelo-morena","10":"pa_color-pelo-rosa","11":"pa_color-pelo-rubia","12":"pa_tamano-de-la-muneca-4ft7-145cm","13":"pa_tamano-de-la-muneca-4ft8-148cm","14":"pa_tamano-de-la-muneca-4ft8-148cm-02","15":"pa_tamano-de-la-muneca-5ft-153cm","16":"pa_tamano-de-la-muneca-medidas","17":"pa_tamano-de-la-muneca-5ft-158cm-02","18":"pa_tamano-de-la-muneca-5ft4-165cm","19":"pa_tamano-de-la-muneca-5ft4-165cm-02","20":"pa_tamano-de-la-muneca-5ft5-168cm","21":"pa_tamano-de-la-muneca-5ft5-168cm-02","22":"pa_tamano-de-la-muneca-5ft5-169cm","25":"instock","26":"taxable","27":"shipping-taxable","28":"purchasable","29":"product-type-variable"},"jetpack_sharing_enabled":true,"_links":{"self":[{"href":"https:\/\/dollsiliconelove.com\/index.php\/wp-json\/wp\/v2\/product\/44","targetHints":{"allow":["GET"]}}],"collection":[{"href":"https:\/\/dollsiliconelove.com\/index.php\/wp-json\/wp\/v2\/product"}],"about":[{"href":"https:\/\/dollsiliconelove.com\/index.php\/wp-json\/wp\/v2\/types\/product"}],"replies":[{"embeddable":true,"href":"https:\/\/dollsiliconelove.com\/index.php\/wp-json\/wp\/v2\/comments?post=44"}],"version-history":[{"count":7,"href":"https:\/\/dollsiliconelove.com\/index.php\/wp-json\/wp\/v2\/product\/44\/revisions"}],"predecessor-version":[{"id":6198,"href":"https:\/\/dollsiliconelove.com\/index.php\/wp-json\/wp\/v2\/product\/44\/revisions\/6198"}],"wp:featuredmedia":[{"embeddable":true,"href":"https:\/\/dollsiliconelove.com\/index.php\/wp-json\/wp\/v2\/media\/5681"}],"wp:attachment":[{"href":"https:\/\/dollsiliconelove.com\/index.php\/wp-json\/wp\/v2\/media?parent=44"}],"wp:term":[{"taxonomy":"product_brand","embeddable":true,"href":"https:\/\/dollsiliconelove.com\/index.php\/wp-json\/wp\/v2\/product_brand?post=44"},{"taxonomy":"product_cat","embeddable":true,"href":"https:\/\/dollsiliconelove.com\/index.php\/wp-json\/wp\/v2\/product_cat?post=44"},{"taxonomy":"product_tag","embeddable":true,"href":"https:\/\/dollsiliconelove.com\/index.php\/wp-json\/wp\/v2\/product_tag?post=44"}],"curies":[{"name":"wp","href":"https:\/\/api.w.org\/{rel}","templated":true}]}}