{"id":47,"date":"2022-08-04T01:27:25","date_gmt":"2022-08-04T01:27:25","guid":{"rendered":"https:\/\/el4.thembaydev.com\/fana_dark\/?post_type=product&#038;p=47"},"modified":"2025-11-10T19:52:55","modified_gmt":"2025-11-10T18:52:55","slug":"eva07","status":"publish","type":"product","link":"https:\/\/dollsiliconelove.com\/index.php\/product\/eva07\/","title":{"rendered":"EVA #107"},"content":{"rendered":"\t\t<div data-elementor-type=\"wp-post\" data-elementor-id=\"47\" class=\"elementor elementor-47\">\n\t\t\t\t\t\t<section class=\"elementor-section elementor-top-section elementor-element elementor-element-274639e9 elementor-section-stretched elementor-section-boxed elementor-section-height-default elementor-section-height-default\" data-id=\"274639e9\" data-element_type=\"section\" data-settings=\"{&quot;stretch_section&quot;:&quot;section-stretched&quot;}\">\n\t\t\t\t\t\t\t<div class=\"elementor-background-overlay\"><\/div>\n\t\t\t\t\t\t\t<div class=\"elementor-container elementor-column-gap-default\">\n\t\t\t\t\t<div class=\"elementor-column elementor-col-100 elementor-top-column elementor-element elementor-element-3aca6287\" data-id=\"3aca6287\" data-element_type=\"column\">\n\t\t\t<div class=\"elementor-widget-wrap elementor-element-populated\">\n\t\t\t\t\t\t<div class=\"elementor-element elementor-element-77009512 elementor-widget elementor-widget-text-editor\" data-id=\"77009512\" data-element_type=\"widget\" data-widget_type=\"text-editor.default\">\n\t\t\t\t\t\t\t\t\t<p>Todos nuestros productos de Doll Silicone Love tienen una excelente calidad, trabajamos con las mejores f\u00e1bricas.<\/p><p>Env\u00edo con total discreci\u00f3n, completamente an\u00f3nimo.<\/p>\t\t\t\t\t\t\t\t<\/div>\n\t\t\t\t\t<\/div>\n\t\t<\/div>\n\t\t\t\t\t<\/div>\n\t\t<\/section>\n\t\t\t\t<\/div>\n\t\t","protected":false},"excerpt":{"rendered":"<p><em><strong>EVA #107<\/strong><\/em><\/p>\n<p>CALIDAD PREMIUM<\/p>\n<p>SILICONA TPE<\/p>\n<p>Es una mu\u00f1eca sexual europea, personalizada como mas te guste.<\/p>\n<p>Esquelto GRATIS, orificios realistas.<\/p>\n<p>&nbsp;<\/p>\n","protected":false},"featured_media":5639,"comment_status":"open","ping_status":"closed","template":"","meta":[],"product_brand":[],"product_cat":[42],"product_tag":[],"class_list":{"0":"post-47","1":"product","2":"type-product","3":"status-publish","4":"has-post-thumbnail","6":"product_cat-europeas","7":"pa_color-ojos-black","8":"pa_color-ojos-brown","9":"pa_color-ojos-pink","10":"pa_color-pelo-azul","11":"pa_color-pelo-gris","12":"pa_color-pelo-morena","13":"pa_color-pelo-rosa","14":"pa_color-pelo-rubia","15":"pa_tamano-de-la-muneca-4ft7-145cm","16":"pa_tamano-de-la-muneca-4ft8-148cm","17":"pa_tamano-de-la-muneca-4ft8-148cm-02","18":"pa_tamano-de-la-muneca-5ft-153cm","19":"pa_tamano-de-la-muneca-medidas","20":"pa_tamano-de-la-muneca-5ft-158cm-02","21":"pa_tamano-de-la-muneca-5ft4-165cm","22":"pa_tamano-de-la-muneca-5ft4-165cm-02","23":"pa_tamano-de-la-muneca-5ft5-168cm","24":"pa_tamano-de-la-muneca-5ft5-168cm-02","25":"pa_tamano-de-la-muneca-5ft5-169cm","26":"pa_vello-pubico-no","27":"pa_vello-pubico-si","30":"instock","31":"taxable","32":"shipping-taxable","33":"purchasable","34":"product-type-variable"},"jetpack_sharing_enabled":true,"_links":{"self":[{"href":"https:\/\/dollsiliconelove.com\/index.php\/wp-json\/wp\/v2\/product\/47","targetHints":{"allow":["GET"]}}],"collection":[{"href":"https:\/\/dollsiliconelove.com\/index.php\/wp-json\/wp\/v2\/product"}],"about":[{"href":"https:\/\/dollsiliconelove.com\/index.php\/wp-json\/wp\/v2\/types\/product"}],"replies":[{"embeddable":true,"href":"https:\/\/dollsiliconelove.com\/index.php\/wp-json\/wp\/v2\/comments?post=47"}],"version-history":[{"count":13,"href":"https:\/\/dollsiliconelove.com\/index.php\/wp-json\/wp\/v2\/product\/47\/revisions"}],"predecessor-version":[{"id":6138,"href":"https:\/\/dollsiliconelove.com\/index.php\/wp-json\/wp\/v2\/product\/47\/revisions\/6138"}],"wp:featuredmedia":[{"embeddable":true,"href":"https:\/\/dollsiliconelove.com\/index.php\/wp-json\/wp\/v2\/media\/5639"}],"wp:attachment":[{"href":"https:\/\/dollsiliconelove.com\/index.php\/wp-json\/wp\/v2\/media?parent=47"}],"wp:term":[{"taxonomy":"product_brand","embeddable":true,"href":"https:\/\/dollsiliconelove.com\/index.php\/wp-json\/wp\/v2\/product_brand?post=47"},{"taxonomy":"product_cat","embeddable":true,"href":"https:\/\/dollsiliconelove.com\/index.php\/wp-json\/wp\/v2\/product_cat?post=47"},{"taxonomy":"product_tag","embeddable":true,"href":"https:\/\/dollsiliconelove.com\/index.php\/wp-json\/wp\/v2\/product_tag?post=47"}],"curies":[{"name":"wp","href":"https:\/\/api.w.org\/{rel}","templated":true}]}}