{"id":5524,"date":"2022-01-03T08:43:48","date_gmt":"2022-01-03T08:43:48","guid":{"rendered":"https:\/\/el4.thembaydev.com\/fana_dark\/?post_type=product&#038;p=13"},"modified":"2025-11-10T20:23:13","modified_gmt":"2025-11-10T19:23:13","slug":"alaric","status":"publish","type":"product","link":"https:\/\/dollsiliconelove.com\/index.php\/product\/alaric\/","title":{"rendered":"ALARIC #101"},"content":{"rendered":"\t\t<div data-elementor-type=\"wp-post\" data-elementor-id=\"5524\" class=\"elementor elementor-5524\">\n\t\t\t\t\t\t<section class=\"elementor-section elementor-top-section elementor-element elementor-element-f389610 elementor-section-stretched elementor-section-boxed elementor-section-height-default elementor-section-height-default\" data-id=\"f389610\" data-element_type=\"section\" data-settings=\"{&quot;stretch_section&quot;:&quot;section-stretched&quot;}\">\n\t\t\t\t\t\t\t<div class=\"elementor-background-overlay\"><\/div>\n\t\t\t\t\t\t\t<div class=\"elementor-container elementor-column-gap-default\">\n\t\t\t\t\t<div class=\"elementor-column elementor-col-100 elementor-top-column elementor-element elementor-element-42bdaffb\" data-id=\"42bdaffb\" data-element_type=\"column\">\n\t\t\t<div class=\"elementor-widget-wrap elementor-element-populated\">\n\t\t\t\t\t\t<div class=\"elementor-element elementor-element-151c5b73 elementor-widget elementor-widget-text-editor\" data-id=\"151c5b73\" data-element_type=\"widget\" data-widget_type=\"text-editor.default\">\n\t\t\t\t\t\t\t\t\t<p>Todos nuestros productos de Doll Silicone Love tienen una excelente calidad, trabajamos con las mejores f\u00e1bricas.<\/p><p>Env\u00edo con total discreci\u00f3n, completamente an\u00f3nimo.<\/p>\t\t\t\t\t\t\t\t<\/div>\n\t\t\t\t\t<\/div>\n\t\t<\/div>\n\t\t\t\t\t<\/div>\n\t\t<\/section>\n\t\t<div class=\"elementor-element elementor-element-7f6990a e-flex e-con-boxed e-con e-parent\" data-id=\"7f6990a\" data-element_type=\"container\">\n\t\t\t\t\t<div class=\"e-con-inner\">\n\t\t<div class=\"elementor-element elementor-element-9db0064 e-con-full e-flex e-con e-child\" data-id=\"9db0064\" data-element_type=\"container\">\n\t\t\t\t<div class=\"elementor-element elementor-element-4f3977d elementor-widget elementor-widget-image\" data-id=\"4f3977d\" data-element_type=\"widget\" data-widget_type=\"image.default\">\n\t\t\t\t\t\t\t\t\t\t\t\t\t\t\t<img fetchpriority=\"high\" decoding=\"async\" width=\"226\" height=\"462\" src=\"https:\/\/dollsiliconelove.com\/wp-content\/uploads\/2022\/08\/Screenshot_20250720140836-226x462.png\" class=\"attachment-large size-large wp-image-5807\" alt=\"\" \/>\t\t\t\t\t\t\t\t\t\t\t\t\t\t\t<\/div>\n\t\t\t\t<\/div>\n\t\t<div class=\"elementor-element elementor-element-d076266 e-con-full e-flex e-con e-child\" data-id=\"d076266\" data-element_type=\"container\">\n\t\t\t\t<div class=\"elementor-element elementor-element-8a93b74 elementor-widget elementor-widget-image\" data-id=\"8a93b74\" data-element_type=\"widget\" data-widget_type=\"image.default\">\n\t\t\t\t\t\t\t\t\t\t\t\t\t\t\t<img decoding=\"async\" width=\"344\" height=\"462\" src=\"https:\/\/dollsiliconelove.com\/wp-content\/uploads\/2025\/10\/Screenshot_20250720140910.png\" class=\"attachment-large size-large wp-image-5582\" alt=\"\" \/>\t\t\t\t\t\t\t\t\t\t\t\t\t\t\t<\/div>\n\t\t\t\t<\/div>\n\t\t\t\t\t<\/div>\n\t\t\t\t<\/div>\n\t\t\t\t<\/div>\n\t\t","protected":false},"excerpt":{"rendered":"<p><strong>ALARIC #101<\/strong><\/p>\n<p>MU\u00d1ECA SILICONA TPE<\/p>\n<p><strong>CALIDAD PREMIUM<\/strong><\/p>\n<p>GEMIDOS INCORPORADOS<\/p>\n<p>SUCCIONADOR DE VAGINA<\/p>\n","protected":false},"featured_media":5548,"comment_status":"open","ping_status":"closed","template":"","meta":[],"product_brand":[],"product_cat":[42],"product_tag":[],"class_list":{"0":"post-5524","1":"product","2":"type-product","3":"status-publish","4":"has-post-thumbnail","6":"product_cat-europeas","7":"pa_color-pelo-azul","8":"pa_color-pelo-gris","9":"pa_color-pelo-morena","10":"pa_color-pelo-rosa","11":"pa_color-pelo-rubia","12":"pa_tamano-de-la-muneca-4ft7-145cm","13":"pa_tamano-de-la-muneca-4ft8-148cm","14":"pa_tamano-de-la-muneca-4ft8-148cm-02","15":"pa_tamano-de-la-muneca-5ft-153cm","16":"pa_tamano-de-la-muneca-medidas","17":"pa_tamano-de-la-muneca-5ft-158cm-02","18":"pa_tamano-de-la-muneca-5ft4-165cm","19":"pa_tamano-de-la-muneca-5ft4-165cm-02","20":"pa_tamano-de-la-muneca-5ft5-168cm","21":"pa_tamano-de-la-muneca-5ft5-168cm-02","22":"pa_tamano-de-la-muneca-5ft5-169cm","25":"instock","26":"featured","27":"taxable","28":"shipping-taxable","29":"purchasable","30":"product-type-variable"},"jetpack_sharing_enabled":true,"_links":{"self":[{"href":"https:\/\/dollsiliconelove.com\/index.php\/wp-json\/wp\/v2\/product\/5524","targetHints":{"allow":["GET"]}}],"collection":[{"href":"https:\/\/dollsiliconelove.com\/index.php\/wp-json\/wp\/v2\/product"}],"about":[{"href":"https:\/\/dollsiliconelove.com\/index.php\/wp-json\/wp\/v2\/types\/product"}],"replies":[{"embeddable":true,"href":"https:\/\/dollsiliconelove.com\/index.php\/wp-json\/wp\/v2\/comments?post=5524"}],"version-history":[{"count":10,"href":"https:\/\/dollsiliconelove.com\/index.php\/wp-json\/wp\/v2\/product\/5524\/revisions"}],"predecessor-version":[{"id":6200,"href":"https:\/\/dollsiliconelove.com\/index.php\/wp-json\/wp\/v2\/product\/5524\/revisions\/6200"}],"wp:featuredmedia":[{"embeddable":true,"href":"https:\/\/dollsiliconelove.com\/index.php\/wp-json\/wp\/v2\/media\/5548"}],"wp:attachment":[{"href":"https:\/\/dollsiliconelove.com\/index.php\/wp-json\/wp\/v2\/media?parent=5524"}],"wp:term":[{"taxonomy":"product_brand","embeddable":true,"href":"https:\/\/dollsiliconelove.com\/index.php\/wp-json\/wp\/v2\/product_brand?post=5524"},{"taxonomy":"product_cat","embeddable":true,"href":"https:\/\/dollsiliconelove.com\/index.php\/wp-json\/wp\/v2\/product_cat?post=5524"},{"taxonomy":"product_tag","embeddable":true,"href":"https:\/\/dollsiliconelove.com\/index.php\/wp-json\/wp\/v2\/product_tag?post=5524"}],"curies":[{"name":"wp","href":"https:\/\/api.w.org\/{rel}","templated":true}]}}